{"id":845,"date":"2017-07-13T06:58:00","date_gmt":"2017-07-13T09:58:00","guid":{"rendered":"http:\/\/dummy.xtemos.com\/woodmart\/demos\/?page_id=845"},"modified":"2019-06-14T13:01:38","modified_gmt":"2019-06-14T16:01:38","slug":"quienes-somos","status":"publish","type":"page","link":"https:\/\/hyundaiherramientas.com\/proximamente\/quienes-somos\/","title":{"rendered":"Quienes Somos"},"content":{"rendered":"<p>[vc_row full_width=\u00bbstretch_row\u00bb video_bg=\u00bbyes\u00bb video_bg_url=\u00bbhttps:\/\/www.youtube.com\/watch?v=Yfh1kIK0VJ8&#8243; el_class=\u00bbopacity-video-bg\u00bb css=\u00bb.vc_custom_1552590328720{margin-top: -40px !important;margin-bottom: 8vh !important;padding-top: 42vh !important;padding-bottom: 35vh !important;background-color: #005587 !important;background-position: center !important;background-repeat: no-repeat !important;background-size: cover !important;}\u00bb mobile_bg_img_hidden=\u00bbno\u00bb woodmart_parallax=\u00bb0&#8243; woodmart_gradient_switch=\u00bbno\u00bb row_reverse_mobile=\u00bb0&#8243; row_reverse_tablet=\u00bb0&#8243; woodmart_disable_overflow=\u00bb0&#8243; tablet_bg_img_hidden=\u00bbno\u00bb][vc_column css=\u00bb.vc_custom_1499517305703{padding-top: 0px !important;}\u00bb el_class=\u00bbtext-center\u00bb][\/vc_column][\/vc_row][vc_row css=\u00bb.vc_custom_1499600383384{margin-bottom: 8vh !important;}\u00bb][vc_column offset=\u00bbvc_col-lg-offset-2 vc_col-lg-8 vc_col-md-offset-2 vc_col-md-8 vc_col-sm-offset-0&#8243; css=\u00bb.vc_custom_1499599304156{padding-top: 0px !important;}\u00bb]\n\t\t<div id=\"wd-5c585f8083017\" class=\"title-wrapper  woodmart-title-color-default woodmart-title-style-default woodmart-title-width-100 text-left woodmart-title-size-extra-large vc_custom_1549295494499\">\n\t\t\t\n\t\t\t<div class=\"liner-continer\">\n\t\t\t\t<span class=\"left-line\"><\/span>\n\t\t\t\t<h4 class=\"woodmart-title-container title  woodmart-font-weight-\" >Hyundai Herramientas<\/h4>\t\t\t\t\t\t\t\t<span class=\"right-line\"><\/span>\n\t\t\t<\/div>\n\t\t\t\n\t\t\t\n\t\t\t\t\t<\/div>\n\t\t\n\t\t[vc_custom_heading text=\u00bb\u00bb font_container=\u00bbtag:p|font_size:20|text_align:left|color:%23777777&#8243; google_fonts=\u00bbfont_family:Lato%3A100%2C100italic%2C300%2C300italic%2Cregular%2Citalic%2C700%2C700italic%2C900%2C900italic|font_style:400%20regular%3A400%3Anormal\u00bb css=\u00bb.vc_custom_1549300726132{margin-top: -25px !important;}\u00bb el_class=\u00bbhidden-sm hidden-xs\u00bb][vc_custom_heading text=\u00bbNos enorgullecemos de ofrecer un producto de calidad a un precio muy competitivo.\u00bb font_container=\u00bbtag:p|font_size:22|text_align:left|color:%238e8e8e\u00bb google_fonts=\u00bbfont_family:Lato%3A100%2C100italic%2C300%2C300italic%2Cregular%2Citalic%2C700%2C700italic%2C900%2C900italic|font_style:300%20light%20italic%3A300%3Aitalic\u00bb][vc_row_inner][vc_column_inner width=\u00bb1\/2&#8243; css=\u00bb.vc_custom_1494857398526{padding-top: 0px !important;}\u00bb][vc_column_text css=\u00bb.vc_custom_1552590494695{margin-bottom: 20px !important;}\u00bb text_larger=\u00bbno\u00bb]Hyundai Herramientas es el nombre comercial de HyPower S.A., representante oficial de Hyundai Herramientas en Argentina.<\/p>\n<p>Hyundai es una organizaci\u00f3n global de negocios basada en Se\u00fal, Korea del Sur y est\u00e1 sustentada por la pericia, la satisfacci\u00f3n de sus clientes y un servicio integral de posventa. Perseguimos el desaf\u00edo constante de innovar, reforzando la competitividad y sin descuidar los recursos naturales ni humanos al momento de elaborar nuestros productos.<\/p>\n<p><strong>Buscamos siempre detectar las necesidades de los nuevos tiempos, aportando cada una de nuestras herramientas, potencia y tecnolog\u00eda de punta.<\/strong>[\/vc_column_text][\/vc_column_inner][vc_column_inner width=\u00bb1\/2&#8243; css=\u00bb.vc_custom_1494857394949{padding-top: 0px !important;}\u00bb][vc_column_text css=\u00bb.vc_custom_1552591040782{margin-bottom: 20px !important;}\u00bb text_larger=\u00bbno\u00bb]Nos enorgullecemos de ofrecer productos de calidad competitivos. Contamos con una vasta red de servicios t\u00e9cnicos para dar respaldo posventa a nuestros productos. Para Hyundai el servicio al cliente es fundamental.<\/p>\n<p>Como empresa, nos fijamos los est\u00e1ndares m\u00e1s altos posibles y nuestras pr\u00e1cticas comerciales se basan en la lealtad, \u00e9tica y las relaciones en donde todos se vean beneficiados en los justos t\u00e9rminos acordados.<\/p>\n<p>[\/vc_column_text][\/vc_column_inner][\/vc_row_inner]\t\t\t<div class=\"info-box-wrapper \">\n\t\t\t\t<div id=\"wd-5c8aa8fbabd92\" class=\" woodmart-info-box text-left box-icon-align-top box-style- color-scheme- woodmart-bg-none box-title-default \"  >\n\t\t\t\t\t\t\t\t\t\t<div class=\"info-box-content\">\n\t\t\t\t\t\t<h4 class=\"info-box-title woodmart-font-weight- box-title-style-default\">Pol\u00edticas de la Empresa:<\/h4>\t\t\t\t\t\t<div class=\"info-box-inner reset-mb-10\">\n\t\t\t\t\t\t\t<p>Nos conducimos nosotros mismos y nuestras operaciones comerciales con honestidad, integridad y con los intereses de nuestros clientes en el coraz\u00f3n.<\/p>\n\t\t\t\t\t\t<\/div>\n\n\t\t\t\t\t\t\t\t\t\t\t\t\n\t\t\t\t\t<\/div>\n\n\t\t\t\t\t\t\t\t\t<\/div>\n\t\t\t<\/div>\n\t\t\t\t\t<div class=\"info-box-wrapper \">\n\t\t\t\t<div id=\"wd-5c8aa92832e9c\" class=\" woodmart-info-box text-left box-icon-align-top box-style- color-scheme- woodmart-bg-none box-title-default \"  >\n\t\t\t\t\t\t\t\t\t\t<div class=\"info-box-content\">\n\t\t\t\t\t\t<h4 class=\"info-box-title woodmart-font-weight- box-title-style-default\">Ambiente de trabajo:<\/h4>\t\t\t\t\t\t<div class=\"info-box-inner reset-mb-10\">\n\t\t\t\t\t\t\t<p>Estamos comprometidos a proporcionar un entorno de trabajo en el que nosotros mismos nos complacer\u00eda trabajar. Queremos proporcionar un ambiente donde las ideas, las relaciones y la positividad puedan crecer y donde se pueda desarrollar el potencial y el desarrollo d\u00e1ndole especial importancia a la creatividad personal.<\/p>\n\t\t\t\t\t\t<\/div>\n\n\t\t\t\t\t\t\t\t\t\t\t\t\n\t\t\t\t\t<\/div>\n\n\t\t\t\t\t\t\t\t\t<\/div>\n\t\t\t<\/div>\n\t\t\t\t\t<div class=\"info-box-wrapper \">\n\t\t\t\t<div id=\"wd-5c8aa95a2fa9c\" class=\" woodmart-info-box text-left box-icon-align-top box-style- color-scheme- woodmart-bg-none box-title-default \"  >\n\t\t\t\t\t\t\t\t\t\t<div class=\"info-box-content\">\n\t\t\t\t\t\t<h4 class=\"info-box-title woodmart-font-weight- box-title-style-default\">Comunicaciones:<\/h4>\t\t\t\t\t\t<div class=\"info-box-inner reset-mb-10\">\n\t\t\t\t\t\t\t<p>Nos comunicamos abiertamente con los clientes dentro de las restricciones del negocio, a la vez que nos conformamos con los derechos, preferencias y confidencialidad individuales.<\/p>\n\t\t\t\t\t\t<\/div>\n\n\t\t\t\t\t\t\t\t\t\t\t\t\n\t\t\t\t\t<\/div>\n\n\t\t\t\t\t\t\t\t\t<\/div>\n\t\t\t<\/div>\n\t\t\t\t\t<div class=\"info-box-wrapper \">\n\t\t\t\t<div id=\"wd-5c587b43b6899\" class=\" woodmart-info-box text-left box-icon-align-top box-style- color-scheme- woodmart-bg-none box-title-default \"  >\n\t\t\t\t\t\t\t\t\t\t<div class=\"info-box-content\">\n\t\t\t\t\t\t<h4 class=\"info-box-title woodmart-font-weight- box-title-style-default\">Clientes y socios comerciales:<\/h4>\t\t\t\t\t\t<div class=\"info-box-inner reset-mb-10\">\n\t\t\t\t\t\t\t<p>Estamos totalmente comprometidos a proporcionar un producto y servicio de alta calidad de principio a fin, al mismo tiempo que cumplimos con todos los est\u00e1ndares de seguridad y calidad aplicables. Valoramos a nuestros clientes, a nuestros socios comerciales y, por extensi\u00f3n, a nuestra propia empresa y marca. Al proteger a quienes nos compran, nos aseguramos de que nuestro propio futuro est\u00e1 en nuestras manos.<\/p>\n\t\t\t\t\t\t<\/div>\n\n\t\t\t\t\t\t\t\t\t\t\t\t\n\t\t\t\t\t<\/div>\n\n\t\t\t\t\t\t\t\t\t<\/div>\n\t\t\t<\/div>\n\t\t[\/vc_column][\/vc_row][vc_section full_width=\u00bbstretch_row\u00bb css=\u00bb.vc_custom_1551888015188{margin-bottom: -50px !important;padding-top: 8vh !important;padding-bottom: 8vh !important;background-color: #005587 !important;background-position: center !important;background-repeat: no-repeat !important;background-size: cover !important;}\u00bb mobile_bg_img_hidden=\u00bbno\u00bb woodmart_parallax=\u00bb0&#8243; woodmart_gradient_switch=\u00bbno\u00bb woodmart_disable_overflow=\u00bb0&#8243; tablet_bg_img_hidden=\u00bbno\u00bb][vc_row equal_height=\u00bbyes\u00bb content_placement=\u00bbmiddle\u00bb css=\u00bb.vc_custom_1499604445501{margin-right: -25px !important;margin-left: -25px !important;}\u00bb][vc_column width=\u00bb1\/2&#8243; woodmart_color_scheme=\u00bblight\u00bb css=\u00bb.vc_custom_1499604612121{padding-top: 10px !important;padding-right: 25px !important;padding-bottom: 10px !important;padding-left: 25px !important;}\u00bb][vc_row_inner css=\u00bb.vc_custom_1499603294997{margin-right: 0px !important;margin-left: 0px !important;border-bottom-width: 1px !important;border-bottom-color: rgba(255,255,255,0.3) !important;border-bottom-style: solid !important;}\u00bb][vc_column_inner width=\u00bb1\/2&#8243; css=\u00bb.vc_custom_1499604113587{border-right-width: 1px !important;padding-top: 35px !important;border-right-color: rgba(255,255,255,0.3) !important;border-right-style: solid !important;}\u00bb offset=\u00bbvc_col-xs-6&#8243;]\t\t\t<div class=\"woodmart-counter  counter-large text-center color-scheme- \" id=\"wd-5c1002ecb42fb\">\n\t\t\t\t<span class=\"counter-value woodmart-font-weight-600\" data-state=\"new\" data-final=\"386\">386<\/span>\n\t\t\t\t\t\t\t\t\t<span class=\"counter-label\">HERRAMIENTAS EL\u00c9CTIRICAS<\/span>\n\t\t\t\t\n\t\t\t\t\t\t\t<\/div>\n\t\t\t\n\t\t[\/vc_column_inner][vc_column_inner width=\u00bb1\/2&#8243; css=\u00bb.vc_custom_1499604100036{padding-top: 35px !important;}\u00bb offset=\u00bbvc_col-xs-6&#8243;]\t\t\t<div class=\"woodmart-counter  counter-large text-center color-scheme- \" id=\"wd-5c1003130af0e\">\n\t\t\t\t<span class=\"counter-value woodmart-font-weight-600\" data-state=\"new\" data-final=\"275\">275<\/span>\n\t\t\t\t\t\t\t\t\t<span class=\"counter-label\">HERRAMIENTAS A BATER\u00cdA<\/span>\n\t\t\t\t\n\t\t\t\t\t\t\t<\/div>\n\t\t\t\n\t\t[\/vc_column_inner][\/vc_row_inner][vc_row_inner css=\u00bb.vc_custom_1499603294997{margin-right: 0px !important;margin-left: 0px !important;border-bottom-width: 1px !important;border-bottom-color: rgba(255,255,255,0.3) !important;border-bottom-style: solid !important;}\u00bb][vc_column_inner width=\u00bb1\/2&#8243; css=\u00bb.vc_custom_1499604519781{border-right-width: 1px !important;padding-top: 35px !important;border-right-color: rgba(255,255,255,0.3) !important;border-right-style: solid !important;}\u00bb offset=\u00bbvc_col-xs-6&#8243;]\t\t\t<div class=\"woodmart-counter  counter-large text-center color-scheme- \" id=\"wd-5c895cf91f724\">\n\t\t\t\t<span class=\"counter-value woodmart-font-weight-600\" data-state=\"new\" data-final=\"200\">200<\/span>\n\t\t\t\t\t\t\t\t\t<span class=\"counter-label\">PERSONAS TRABAJANDO<\/span>\n\t\t\t\t\n\t\t\t\t\t\t\t<\/div>\n\t\t\t\n\t\t[\/vc_column_inner][vc_column_inner width=\u00bb1\/2&#8243; css=\u00bb.vc_custom_1499604526470{padding-top: 35px !important;}\u00bb offset=\u00bbvc_col-xs-6&#8243;]\t\t\t<div class=\"woodmart-counter  counter-large text-center color-scheme- \" id=\"wd-5c100648a98c7\">\n\t\t\t\t<span class=\"counter-value woodmart-font-weight-600\" data-state=\"new\" data-final=\"457\">457<\/span>\n\t\t\t\t\t\t\t\t\t<span class=\"counter-label\">Distruibuidores<\/span>\n\t\t\t\t\n\t\t\t\t\t\t\t<\/div>\n\t\t\t\n\t\t[\/vc_column_inner][\/vc_row_inner][vc_row_inner css=\u00bb.vc_custom_1499603310379{margin-right: 0px !important;margin-left: 0px !important;}\u00bb][vc_column_inner width=\u00bb1\/2&#8243; css=\u00bb.vc_custom_1499604535206{border-right-width: 1px !important;padding-top: 35px !important;border-right-color: rgba(255,255,255,0.3) !important;border-right-style: solid !important;}\u00bb offset=\u00bbvc_col-xs-6&#8243;]\t\t\t<div class=\"woodmart-counter  counter-large text-center color-scheme- \" id=\"wd-5c895ca6348ce\">\n\t\t\t\t<span class=\"counter-value woodmart-font-weight-600\" data-state=\"new\" data-final=\"11.000\">11.000<\/span>\n\t\t\t\t\t\t\t\t\t<span class=\"counter-label\">M2 DE DEP\u00d3SITO<\/span>\n\t\t\t\t\n\t\t\t\t\t\t\t<\/div>\n\t\t\t\n\t\t[\/vc_column_inner][vc_column_inner width=\u00bb1\/2&#8243; css=\u00bb.vc_custom_1499604548790{padding-top: 35px !important;}\u00bb offset=\u00bbvc_col-xs-6&#8243;]\t\t\t<div class=\"woodmart-counter  counter-large text-center color-scheme- \" id=\"wd-5c100352588f9\">\n\t\t\t\t<span class=\"counter-value woodmart-font-weight-600\" data-state=\"new\" data-final=\"656\">656<\/span>\n\t\t\t\t\t\t\t\t\t<span class=\"counter-label\">ENV\u00cdOS DIARIOS<\/span>\n\t\t\t\t\n\t\t\t\t\t\t\t<\/div>\n\t\t\t\n\t\t[\/vc_column_inner][\/vc_row_inner][\/vc_column][vc_column width=\u00bb1\/2&#8243; css=\u00bb.vc_custom_1499604620360{padding-top: 10px !important;padding-right: 35px !important;padding-bottom: 10px !important;padding-left: 35px !important;}\u00bb]\n\t\t<div id=\"wd-5c100614e3de3\" class=\"title-wrapper  woodmart-title-color-white woodmart-title-style-default woodmart-title-width-90 text-left woodmart-title-size-extra-large vc_custom_1544554030585\">\n\t\t\t\n\t\t\t<div class=\"liner-continer\">\n\t\t\t\t<span class=\"left-line\"><\/span>\n\t\t\t\t<h4 class=\"woodmart-title-container title  woodmart-font-weight-\" >Tenemos lo que Usted necesita.<\/h4>\t\t\t\t\t\t\t\t<span class=\"right-line\"><\/span>\n\t\t\t<\/div>\n\t\t\t\n\t\t\t\n\t\t\t\t\t<\/div>\n\t\t\n\t\t[vc_custom_heading text=\u00bbEN M\u00c1S DE 90 PA\u00cdSES\u00bb font_container=\u00bbtag:p|font_size:20|text_align:left|color:rgba(255%2C255%2C255%2C0.8)\u00bb google_fonts=\u00bbfont_family:Lato%3A100%2C100italic%2C300%2C300italic%2Cregular%2Citalic%2C700%2C700italic%2C900%2C900italic|font_style:400%20regular%3A400%3Anormal\u00bb css=\u00bb.vc_custom_1552591274388{margin-top: -15px !important;margin-bottom: 15px !important;}\u00bb el_class=\u00bbhidden-sm hidden-xs\u00bb][vc_column_text woodmart_color_scheme=\u00bblight\u00bb el_class=\u00bbtext-larger\u00bb css=\u00bb.vc_custom_1552591305035{margin-bottom: 25px !important;}\u00bb text_larger=\u00bbno\u00bb]Tenemos productos a combusti\u00f3n el\u00e9ctricos bater\u00eda y manuales todo cumpliendo los m\u00e1s altos est\u00e1ndares de calidad para el mercado argentino[\/vc_column_text][\/vc_column][\/vc_row][\/vc_section][vc_row full_width=\u00bbstretch_row_content\u00bb content_placement=\u00bbtop\u00bb parallax=\u00bbcontent-moving-fade\u00bb css=\u00bb.vc_custom_1551893386285{margin-top: -50px !important;margin-bottom: -50px !important;padding-top: 320px !important;padding-bottom: 320px !important;background-image: url(https:\/\/hyundaiherramientas.com\/wp-content\/uploads\/2019\/03\/QS.jpg?id=5875) !important;background-position: center;background-repeat: no-repeat !important;background-size: cover !important;}\u00bb mobile_bg_img_hidden=\u00bbno\u00bb tablet_bg_img_hidden=\u00bbno\u00bb woodmart_parallax=\u00bb0&#8243; woodmart_gradient_switch=\u00bbno\u00bb row_reverse_mobile=\u00bb0&#8243; row_reverse_tablet=\u00bb0&#8243; woodmart_disable_overflow=\u00bb0&#8243;][vc_column][\/vc_column][\/vc_row]<\/p>\n","protected":false},"excerpt":{"rendered":"<p>[vc_row full_width=\u00bbstretch_row\u00bb video_bg=\u00bbyes\u00bb video_bg_url=\u00bbhttps:\/\/www.youtube.com\/watch?v=Yfh1kIK0VJ8&#8243; el_class=\u00bbopacity-video-bg\u00bb css=\u00bb.vc_custom_1552590328720{margin-top: -40px !important;margin-bottom: 8vh !important;padding-top: 42vh !important;padding-bottom: 35vh !important;background-color: #005587 !important;background-position: center !important;background-repeat: no-repeat !important;background-size:<\/p>\n","protected":false},"author":1,"featured_media":0,"parent":0,"menu_order":0,"comment_status":"closed","ping_status":"closed","template":"","meta":{"jetpack_post_was_ever_published":false,"footnotes":""},"class_list":["post-845","page","type-page","status-publish","hentry"],"yoast_head":"<!-- This site is optimized with the Yoast SEO plugin v21.5 - https:\/\/yoast.com\/wordpress\/plugins\/seo\/ -->\n<title>Quienes Somos - Hyundai Herramientas<\/title>\n<meta name=\"robots\" content=\"index, follow, max-snippet:-1, max-image-preview:large, max-video-preview:-1\" \/>\n<link rel=\"canonical\" href=\"https:\/\/hyundaiherramientas.com\/proximamente\/quienes-somos\/\" \/>\n<meta property=\"og:locale\" content=\"es_ES\" \/>\n<meta property=\"og:type\" content=\"article\" \/>\n<meta property=\"og:title\" content=\"Quienes Somos - Hyundai Herramientas\" \/>\n<meta property=\"og:description\" content=\"[vc_row full_width=\u00bbstretch_row\u00bb video_bg=\u00bbyes\u00bb video_bg_url=\u00bbhttps:\/\/www.youtube.com\/watch?v=Yfh1kIK0VJ8&#8243; el_class=\u00bbopacity-video-bg\u00bb css=\u00bb.vc_custom_1552590328720{margin-top: -40px !important;margin-bottom: 8vh !important;padding-top: 42vh !important;padding-bottom: 35vh !important;background-color: #005587 !important;background-position: center !important;background-repeat: no-repeat !important;background-size:\" \/>\n<meta property=\"og:url\" content=\"https:\/\/hyundaiherramientas.com\/proximamente\/quienes-somos\/\" \/>\n<meta property=\"og:site_name\" content=\"Hyundai Herramientas\" \/>\n<meta property=\"article:publisher\" content=\"https:\/\/es-la.facebook.com\/hyundaiherramientasar\/\" \/>\n<meta property=\"article:modified_time\" content=\"2019-06-14T16:01:38+00:00\" \/>\n<meta name=\"twitter:card\" content=\"summary_large_image\" \/>\n<meta name=\"twitter:label1\" content=\"Tiempo de lectura\" \/>\n\t<meta name=\"twitter:data1\" content=\"7 minutos\" \/>\n<script type=\"application\/ld+json\" class=\"yoast-schema-graph\">{\"@context\":\"https:\/\/schema.org\",\"@graph\":[{\"@type\":\"WebPage\",\"@id\":\"https:\/\/hyundaiherramientas.com\/proximamente\/quienes-somos\/\",\"url\":\"https:\/\/hyundaiherramientas.com\/proximamente\/quienes-somos\/\",\"name\":\"Quienes Somos - Hyundai Herramientas\",\"isPartOf\":{\"@id\":\"https:\/\/hyundaiherramientas.com\/proximamente\/#website\"},\"datePublished\":\"2017-07-13T09:58:00+00:00\",\"dateModified\":\"2019-06-14T16:01:38+00:00\",\"breadcrumb\":{\"@id\":\"https:\/\/hyundaiherramientas.com\/proximamente\/quienes-somos\/#breadcrumb\"},\"inLanguage\":\"es\",\"potentialAction\":[{\"@type\":\"ReadAction\",\"target\":[\"https:\/\/hyundaiherramientas.com\/proximamente\/quienes-somos\/\"]}]},{\"@type\":\"BreadcrumbList\",\"@id\":\"https:\/\/hyundaiherramientas.com\/proximamente\/quienes-somos\/#breadcrumb\",\"itemListElement\":[{\"@type\":\"ListItem\",\"position\":1,\"name\":\"Portada\",\"item\":\"https:\/\/hyundaiherramientas.com\/proximamente\/\"},{\"@type\":\"ListItem\",\"position\":2,\"name\":\"Quienes Somos\"}]},{\"@type\":\"WebSite\",\"@id\":\"https:\/\/hyundaiherramientas.com\/proximamente\/#website\",\"url\":\"https:\/\/hyundaiherramientas.com\/proximamente\/\",\"name\":\"Hyundai Herramientas\",\"description\":\"Herramientas\",\"publisher\":{\"@id\":\"https:\/\/hyundaiherramientas.com\/proximamente\/#organization\"},\"potentialAction\":[{\"@type\":\"SearchAction\",\"target\":{\"@type\":\"EntryPoint\",\"urlTemplate\":\"https:\/\/hyundaiherramientas.com\/proximamente\/?s={search_term_string}\"},\"query-input\":\"required name=search_term_string\"}],\"inLanguage\":\"es\"},{\"@type\":\"Organization\",\"@id\":\"https:\/\/hyundaiherramientas.com\/proximamente\/#organization\",\"name\":\"Hyundai Herramientas\",\"url\":\"https:\/\/hyundaiherramientas.com\/proximamente\/\",\"logo\":{\"@type\":\"ImageObject\",\"inLanguage\":\"es\",\"@id\":\"https:\/\/hyundaiherramientas.com\/proximamente\/#\/schema\/logo\/image\/\",\"url\":\"https:\/\/hyundaiherramientas.com\/wp-content\/uploads\/2019\/01\/NEW-BI_286C.jpg\",\"contentUrl\":\"https:\/\/hyundaiherramientas.com\/wp-content\/uploads\/2019\/01\/NEW-BI_286C.jpg\",\"width\":1232,\"height\":258,\"caption\":\"Hyundai Herramientas\"},\"image\":{\"@id\":\"https:\/\/hyundaiherramientas.com\/proximamente\/#\/schema\/logo\/image\/\"},\"sameAs\":[\"https:\/\/es-la.facebook.com\/hyundaiherramientasar\/\",\"https:\/\/www.youtube.com\/channel\/UCfmUqjzpzliEWlD2Es6xl5Q\"]}]}<\/script>\n<!-- \/ Yoast SEO plugin. -->","yoast_head_json":{"title":"Quienes Somos - Hyundai Herramientas","robots":{"index":"index","follow":"follow","max-snippet":"max-snippet:-1","max-image-preview":"max-image-preview:large","max-video-preview":"max-video-preview:-1"},"canonical":"https:\/\/hyundaiherramientas.com\/proximamente\/quienes-somos\/","og_locale":"es_ES","og_type":"article","og_title":"Quienes Somos - Hyundai Herramientas","og_description":"[vc_row full_width=\u00bbstretch_row\u00bb video_bg=\u00bbyes\u00bb video_bg_url=\u00bbhttps:\/\/www.youtube.com\/watch?v=Yfh1kIK0VJ8&#8243; el_class=\u00bbopacity-video-bg\u00bb css=\u00bb.vc_custom_1552590328720{margin-top: -40px !important;margin-bottom: 8vh !important;padding-top: 42vh !important;padding-bottom: 35vh !important;background-color: #005587 !important;background-position: center !important;background-repeat: no-repeat !important;background-size:","og_url":"https:\/\/hyundaiherramientas.com\/proximamente\/quienes-somos\/","og_site_name":"Hyundai Herramientas","article_publisher":"https:\/\/es-la.facebook.com\/hyundaiherramientasar\/","article_modified_time":"2019-06-14T16:01:38+00:00","twitter_card":"summary_large_image","twitter_misc":{"Tiempo de lectura":"7 minutos"},"schema":{"@context":"https:\/\/schema.org","@graph":[{"@type":"WebPage","@id":"https:\/\/hyundaiherramientas.com\/proximamente\/quienes-somos\/","url":"https:\/\/hyundaiherramientas.com\/proximamente\/quienes-somos\/","name":"Quienes Somos - Hyundai Herramientas","isPartOf":{"@id":"https:\/\/hyundaiherramientas.com\/proximamente\/#website"},"datePublished":"2017-07-13T09:58:00+00:00","dateModified":"2019-06-14T16:01:38+00:00","breadcrumb":{"@id":"https:\/\/hyundaiherramientas.com\/proximamente\/quienes-somos\/#breadcrumb"},"inLanguage":"es","potentialAction":[{"@type":"ReadAction","target":["https:\/\/hyundaiherramientas.com\/proximamente\/quienes-somos\/"]}]},{"@type":"BreadcrumbList","@id":"https:\/\/hyundaiherramientas.com\/proximamente\/quienes-somos\/#breadcrumb","itemListElement":[{"@type":"ListItem","position":1,"name":"Portada","item":"https:\/\/hyundaiherramientas.com\/proximamente\/"},{"@type":"ListItem","position":2,"name":"Quienes Somos"}]},{"@type":"WebSite","@id":"https:\/\/hyundaiherramientas.com\/proximamente\/#website","url":"https:\/\/hyundaiherramientas.com\/proximamente\/","name":"Hyundai Herramientas","description":"Herramientas","publisher":{"@id":"https:\/\/hyundaiherramientas.com\/proximamente\/#organization"},"potentialAction":[{"@type":"SearchAction","target":{"@type":"EntryPoint","urlTemplate":"https:\/\/hyundaiherramientas.com\/proximamente\/?s={search_term_string}"},"query-input":"required name=search_term_string"}],"inLanguage":"es"},{"@type":"Organization","@id":"https:\/\/hyundaiherramientas.com\/proximamente\/#organization","name":"Hyundai Herramientas","url":"https:\/\/hyundaiherramientas.com\/proximamente\/","logo":{"@type":"ImageObject","inLanguage":"es","@id":"https:\/\/hyundaiherramientas.com\/proximamente\/#\/schema\/logo\/image\/","url":"https:\/\/hyundaiherramientas.com\/wp-content\/uploads\/2019\/01\/NEW-BI_286C.jpg","contentUrl":"https:\/\/hyundaiherramientas.com\/wp-content\/uploads\/2019\/01\/NEW-BI_286C.jpg","width":1232,"height":258,"caption":"Hyundai Herramientas"},"image":{"@id":"https:\/\/hyundaiherramientas.com\/proximamente\/#\/schema\/logo\/image\/"},"sameAs":["https:\/\/es-la.facebook.com\/hyundaiherramientasar\/","https:\/\/www.youtube.com\/channel\/UCfmUqjzpzliEWlD2Es6xl5Q"]}]}},"jetpack_sharing_enabled":true,"jetpack_shortlink":"https:\/\/wp.me\/PavgAX-dD","_links":{"self":[{"href":"https:\/\/hyundaiherramientas.com\/proximamente\/wp-json\/wp\/v2\/pages\/845","targetHints":{"allow":["GET"]}}],"collection":[{"href":"https:\/\/hyundaiherramientas.com\/proximamente\/wp-json\/wp\/v2\/pages"}],"about":[{"href":"https:\/\/hyundaiherramientas.com\/proximamente\/wp-json\/wp\/v2\/types\/page"}],"author":[{"embeddable":true,"href":"https:\/\/hyundaiherramientas.com\/proximamente\/wp-json\/wp\/v2\/users\/1"}],"replies":[{"embeddable":true,"href":"https:\/\/hyundaiherramientas.com\/proximamente\/wp-json\/wp\/v2\/comments?post=845"}],"version-history":[{"count":70,"href":"https:\/\/hyundaiherramientas.com\/proximamente\/wp-json\/wp\/v2\/pages\/845\/revisions"}],"predecessor-version":[{"id":6161,"href":"https:\/\/hyundaiherramientas.com\/proximamente\/wp-json\/wp\/v2\/pages\/845\/revisions\/6161"}],"wp:attachment":[{"href":"https:\/\/hyundaiherramientas.com\/proximamente\/wp-json\/wp\/v2\/media?parent=845"}],"curies":[{"name":"wp","href":"https:\/\/api.w.org\/{rel}","templated":true}]}}