{"id":662,"date":"2017-06-27T07:05:37","date_gmt":"2017-06-27T10:05:37","guid":{"rendered":"http:\/\/dummy.xtemos.com\/woodmart\/demos\/?page_id=662"},"modified":"2019-06-14T15:51:14","modified_gmt":"2019-06-14T18:51:14","slug":"faqs","status":"publish","type":"page","link":"https:\/\/hyundaiherramientas.com\/proximamente\/faqs\/","title":{"rendered":"FAQs"},"content":{"rendered":"<p>[vc_row full_width=\u00bbstretch_row\u00bb css=\u00bb.vc_custom_1544561687532{margin-top: -40px !important;margin-bottom: 8vh !important;padding-top: 27vh !important;padding-bottom: 22vh !important;background-image: url(https:\/\/hyundaiherramientas.com\/wp-content\/uploads\/2018\/12\/FAQs.jpg?id=2697) !important;background-position: center !important;background-repeat: no-repeat !important;background-size: cover !important;}\u00bb mobile_bg_img_hidden=\u00bbno\u00bb woodmart_parallax=\u00bb0&#8243; woodmart_gradient_switch=\u00bbno\u00bb row_reverse_mobile=\u00bb0&#8243; row_reverse_tablet=\u00bb0&#8243; woodmart_disable_overflow=\u00bb0&#8243;][vc_column css=\u00bb.vc_custom_1484657242560{padding-top: 0px !important;}\u00bb][vc_custom_heading text=\u00bb<strong>Preguntas &amp; Respuestas<\/strong>\u00bb font_container=\u00bbtag:h1|font_size:52|text_align:center|color:%23ffffff|line_height:1.1&#8243; use_theme_fonts=\u00bbyes\u00bb css=\u00bb.vc_custom_1544560482117{margin-bottom: 10px !important;}\u00bb][vc_custom_heading text=\u00bbEscr\u00edbanos un correo electr\u00f3nico a trav\u00e9s del formulario,<br \/>\no simplemente env\u00edenos un correo electr\u00f3nico directamente a ventas@record.com.uy:\u00bb font_container=\u00bbtag:p|font_size:16px|text_align:center|color:rgba(255%2C255%2C255%2C0.8)\u00bb use_theme_fonts=\u00bbyes\u00bb css=\u00bb.vc_custom_1560537625534{margin-bottom: 22px !important;}\u00bb]<div id=\"wd-5c1024490182d\" class=\"woodmart-button-wrapper text-center\"><a href=\"#contact-form-popup\" title=\"\" class=\"btn btn-color-white btn-style-link btn-shape-rectangle btn-size-extra-large woodmart-open-popup \">CONT\u00c1CTENOS<\/a><\/div><div id=\"contact-form-popup\" class=\"mfp-with-anim woodmart-content-popup mfp-hide\" style=\"max-width:900px;\"><div class=\"woodmart-popup-inner\">[vc_row_inner equal_height=\u00bbyes\u00bb css=\u00bb.vc_custom_1493299761637{margin-top: -30px !important;margin-right: -30px !important;margin-bottom: -30px !important;margin-left: -30px !important;}\u00bb][vc_column_inner width=\u00bb2\/3&#8243; css=\u00bb.vc_custom_1493299937177{padding-top: 30px !important;padding-right: 30px !important;padding-bottom: 15px !important;padding-left: 30px !important;}\u00bb]\n\t\t<div id=\"wd-5c477ae89a9fb\" class=\"title-wrapper  woodmart-title-color-default woodmart-title-style-default woodmart-title-width-100 text-left woodmart-title-size-small \">\n\t\t\t\n\t\t\t<div class=\"liner-continer\">\n\t\t\t\t<span class=\"left-line\"><\/span>\n\t\t\t\t<h4 class=\"woodmart-title-container title  woodmart-font-weight-\" >ENV\u00cdANOS TU CONSULTA<\/h4>\t\t\t\t\t\t\t\t<span class=\"right-line\"><\/span>\n\t\t\t<\/div>\n\t\t\t\n\t\t\t\n\t\t\t\t\t<\/div>\n\t\t\n\t\t<div role=\"form\" class=\"wpcf7\" id=\"wpcf7-f5590-o1\" lang=\"en-US\" dir=\"ltr\">\n<div class=\"screen-reader-response\"><\/div>\n<form action=\"\/proximamente\/wp-json\/wp\/v2\/pages\/662#wpcf7-f5590-o1\" method=\"post\" class=\"wpcf7-form\" novalidate=\"novalidate\">\n<div style=\"display: none;\">\n<input type=\"hidden\" name=\"_wpcf7\" value=\"5590\" \/>\n<input type=\"hidden\" name=\"_wpcf7_version\" value=\"5.1.3\" \/>\n<input type=\"hidden\" name=\"_wpcf7_locale\" value=\"en_US\" \/>\n<input type=\"hidden\" name=\"_wpcf7_unit_tag\" value=\"wpcf7-f5590-o1\" \/>\n<input type=\"hidden\" name=\"_wpcf7_container_post\" value=\"0\" \/>\n<\/div>\n<div class=\"row\">\n<div class=\"col-md-6\" style='margin-bottom:20px;'><label>Nombre*<\/label><span class=\"wpcf7-form-control-wrap your-name\"><input type=\"text\" name=\"your-name\" value=\"\" size=\"40\" class=\"wpcf7-form-control wpcf7-text wpcf7-validates-as-required\" aria-required=\"true\" aria-invalid=\"false\" \/><\/span><\/div>\n<div class=\"col-md-6\" style='margin-bottom:20px;'><label>Email*<\/label><span class=\"wpcf7-form-control-wrap your-email\"><input type=\"email\" name=\"your-email\" value=\"\" size=\"40\" class=\"wpcf7-form-control wpcf7-text wpcf7-email wpcf7-validates-as-required wpcf7-validates-as-email\" aria-required=\"true\" aria-invalid=\"false\" \/><\/span><\/div>\n<\/div>\n<div class=\"row\">\n<div class=\"col-md-6\" style='margin-bottom:20px;'><label>Tel\u00e9fono<\/label><span class=\"wpcf7-form-control-wrap tel-767\"><input type=\"tel\" name=\"tel-767\" value=\"\" size=\"40\" class=\"wpcf7-form-control wpcf7-text wpcf7-tel wpcf7-validates-as-tel\" aria-invalid=\"false\" \/><\/span><\/div>\n<div class=\"col-md-6\" style='margin-bottom:20px;'><label>Empresa<\/label><span class=\"wpcf7-form-control-wrap text-1\"><input type=\"text\" name=\"text-1\" value=\"\" size=\"40\" class=\"wpcf7-form-control wpcf7-text\" aria-invalid=\"false\" \/><\/span><\/div>\n<\/div>\n<p><label>Mensaje<\/label><span class=\"wpcf7-form-control-wrap your-message\"><textarea name=\"your-message\" cols=\"40\" rows=\"10\" class=\"wpcf7-form-control wpcf7-textarea\" aria-invalid=\"false\"><\/textarea><\/span><\/p>\n<p><input type=\"submit\" value=\"ENVIAR CONSULTA\" class=\"wpcf7-form-control wpcf7-submit btn-color-black\" \/><\/p>\n<div class=\"wpcf7-response-output wpcf7-display-none\"><\/div><\/form><\/div>[\/vc_column_inner][vc_column_inner width=\u00bb1\/3&#8243; css=\u00bb.vc_custom_1493299742195{padding-top: 30px !important;padding-right: 30px !important;padding-bottom: 30px !important;padding-left: 30px !important;background-color: #333333 !important;}\u00bb]\n\t\t<div id=\"wd-5c477993569a0\" class=\"title-wrapper  woodmart-title-color-white woodmart-title-style-default woodmart-title-width-100 text-left woodmart-title-size-small \">\n\t\t\t\n\t\t\t<div class=\"liner-continer\">\n\t\t\t\t<span class=\"left-line\"><\/span>\n\t\t\t\t<h4 class=\"woodmart-title-container title  woodmart-font-weight-\" >INFORMACI\u00d3N DE CONTACTO<\/h4>\t\t\t\t\t\t\t\t<span class=\"right-line\"><\/span>\n\t\t\t<\/div>\n\t\t\t\n\t\t\t\n\t\t\t\t\t<\/div>\n\t\t\n\t\t\t\t\t<div class=\"info-box-wrapper \">\n\t\t\t\t<div id=\"wd-5d03ea9ea133b\" class=\" woodmart-info-box text-left box-icon-align-left box-style- color-scheme-light woodmart-bg-none box-title-default \"  >\n\t\t\t\t\t\t\t\t\t\t<div class=\"info-box-content\">\n\t\t\t\t\t\t\t\t\t\t\t\t<div class=\"info-box-inner reset-mb-10\">\n\t\t\t\t\t\t\t<p>Paysand\u00fa 971<br \/>\nMontevideo 11100<\/p>\n\t\t\t\t\t\t<\/div>\n\n\t\t\t\t\t\t\t\t\t\t\t\t\n\t\t\t\t\t<\/div>\n\n\t\t\t\t\t\t\t\t\t<\/div>\n\t\t\t<\/div>\n\t\t\t\t\t<div class=\"info-box-wrapper \">\n\t\t\t\t<div id=\"wd-5d03eabdcb56c\" class=\" woodmart-info-box text-left box-icon-align-left box-style- color-scheme-light woodmart-bg-none box-title-default \"  >\n\t\t\t\t\t\t\t\t\t\t<div class=\"info-box-content\">\n\t\t\t\t\t\t\t\t\t\t\t\t<div class=\"info-box-inner reset-mb-10\">\n\t\t\t\t\t\t\t<p><a href=\"Tel:0800 8333\">0800 8333<\/a><\/p>\n\t\t\t\t\t\t<\/div>\n\n\t\t\t\t\t\t\t\t\t\t\t\t\n\t\t\t\t\t<\/div>\n\n\t\t\t\t\t\t\t\t\t<\/div>\n\t\t\t<\/div>\n\t\t\t\t\t<div class=\"info-box-wrapper \">\n\t\t\t\t<div id=\"wd-5d03ead42c9e9\" class=\" woodmart-info-box text-left box-icon-align-left box-style- color-scheme-light woodmart-bg-none box-title-default \"  >\n\t\t\t\t\t\t\t\t\t\t<div class=\"info-box-content\">\n\t\t\t\t\t\t\t\t\t\t\t\t<div class=\"info-box-inner reset-mb-10\">\n\t\t\t\t\t\t\t<p><a href=\"mailto:ventas@record.com.uy\">ventas@record.com.uy<\/a><\/p>\n\t\t\t\t\t\t<\/div>\n\n\t\t\t\t\t\t\t\t\t\t\t\t\n\t\t\t\t\t<\/div>\n\n\t\t\t\t\t\t\t\t\t<\/div>\n\t\t\t<\/div>\n\t\t[vc_separator color=\u00bbcustom\u00bb accent_color=\u00bbrgba(255,255,255,0.15)\u00bb css=\u00bb.vc_custom_1484144347493{margin-bottom: 30px !important;}\u00bb][vc_column_text woodmart_color_scheme=\u00bblight\u00bb css=\u00bb.vc_custom_1548188209137{margin-bottom: 20px !important;}\u00bb text_larger=\u00bbno\u00bb]\u00bfTiene preguntas sobre c\u00f3mo podemos ayudarle a su empresa? Env\u00edenos un correo electr\u00f3nico y nos pondremos en contacto en breve.[\/vc_column_text][\/vc_column_inner][\/vc_row_inner]<\/div><\/div>[\/vc_column][\/vc_row][vc_row css=\u00bb.vc_custom_1496940694752{margin-bottom: 20px !important;}\u00bb][vc_column css=\u00bb.vc_custom_1484657273903{padding-top: 0px !important;}\u00bb]\n\t\t<div id=\"wd-5c1bafeb54273\" class=\"title-wrapper  woodmart-title-color-default woodmart-title-style-underlined woodmart-title-width-100 text-left woodmart-title-size-default vc_custom_1545318385098\">\n\t\t\t\n\t\t\t<div class=\"liner-continer\">\n\t\t\t\t<span class=\"left-line\"><\/span>\n\t\t\t\t<h4 class=\"woodmart-title-container title  woodmart-font-weight-\" >PRODUCTOS<\/h4>\t\t\t\t\t\t\t\t<span class=\"right-line\"><\/span>\n\t\t\t<\/div>\n\t\t\t\n\t\t\t\n\t\t\t\t\t<\/div>\n\t\t\n\t\t[\/vc_column][\/vc_row][vc_row equal_height=\u00bbyes\u00bb css=\u00bb.vc_custom_1496940708254{margin-bottom: 5vh !important;}\u00bb][vc_column width=\u00bb1\/2&#8243; css=\u00bb.vc_custom_1484657119633{padding-top: 0px !important;}\u00bb][vc_custom_heading text=\u00bb\u00bfEl producto es original?\u00bb font_container=\u00bbtag:h3|font_size:14|text_align:left\u00bb use_theme_fonts=\u00bbyes\u00bb][vc_column_text text_larger=\u00bbno\u00bb]Son originales y todos tienen un a\u00f1o de garant\u00eda.[\/vc_column_text][vc_custom_heading text=\u00bb\u00bfEl producto cuenta con Garant\u00eda?\u00bb font_container=\u00bbtag:h3|font_size:14|text_align:left\u00bb use_theme_fonts=\u00bbyes\u00bb][vc_column_text text_larger=\u00bbno\u00bb]Todos nuestros equipos cuentan con garant\u00eda oficial.[\/vc_column_text][\/vc_column][vc_column width=\u00bb1\/2&#8243; css=\u00bb.vc_custom_1484657123074{padding-top: 0px !important;}\u00bb][vc_custom_heading text=\u00bb\u00bfPuedo probar el equipo antes de comprarlo?\u00bb font_container=\u00bbtag:h3|font_size:14|text_align:left\u00bb use_theme_fonts=\u00bbyes\u00bb][vc_column_text text_larger=\u00bbno\u00bb]Los productos pueden probarse al retirarlos, siempre y cuando las condiciones del momento lo permitan, por ejemplo, una hidrolavadora, una pileta o un generador de electricidad. En caso de que por alg\u00fan motivo no puedas revisar el producto no te preocupes ya que ten\u00e9s 3 d\u00edas h\u00e1biles para poder devolverlo si presenta una falla de fabricaci\u00f3n. Si recibiste el producto por env\u00edo el plazo es de 10 d\u00edas de corridos[\/vc_column_text][\/vc_column][\/vc_row][vc_row css=\u00bb.vc_custom_1496940740070{margin-bottom: 20px !important;}\u00bb][vc_column css=\u00bb.vc_custom_1484657273903{padding-top: 0px !important;}\u00bb]\n\t\t<div id=\"wd-5c477b33cdd25\" class=\"title-wrapper  woodmart-title-color-default woodmart-title-style-underlined woodmart-title-width-100 text-left woodmart-title-size-default vc_custom_1548188480183\">\n\t\t\t\n\t\t\t<div class=\"liner-continer\">\n\t\t\t\t<span class=\"left-line\"><\/span>\n\t\t\t\t<h4 class=\"woodmart-title-container title  woodmart-font-weight-\" >FORMAS DE ENTREGA<\/h4>\t\t\t\t\t\t\t\t<span class=\"right-line\"><\/span>\n\t\t\t<\/div>\n\t\t\t\n\t\t\t\n\t\t\t\t\t<\/div>\n\t\t\n\t\t[\/vc_column][\/vc_row][vc_row equal_height=\u00bbyes\u00bb css=\u00bb.vc_custom_1496940764002{margin-bottom: 5vh !important;}\u00bb][vc_column width=\u00bb1\/2&#8243; css=\u00bb.vc_custom_1484657119633{padding-top: 0px !important;}\u00bb][vc_custom_heading text=\u00bb\u00bfCu\u00e1les son sus formas de entrega?\u00bb font_container=\u00bbtag:h3|font_size:14|text_align:left\u00bb use_theme_fonts=\u00bbyes\u00bb][vc_column_text text_larger=\u00bbno\u00bb]Retiro en nuestro domicilio.[\/vc_column_text][vc_custom_heading text=\u00bb\u00bfCu\u00e1l es su direcci\u00f3n? \u00bfEn qu\u00e9 horarios atienden?\u00bb font_container=\u00bbtag:h3|font_size:14|text_align:left\u00bb use_theme_fonts=\u00bbyes\u00bb][vc_column_text text_larger=\u00bbno\u00bb]Direcci\u00f3n: Paysand\u00fa 971, esquina R\u00edo Branco. C.P. 111000. Montevideo, Uruguay.<br \/>\nHorarios de atenci\u00f3n: Lunes a Viernes de 8:30hs a 13:00hs. y de 14:00 a 18:00hs[\/vc_column_text][vc_custom_heading text=\u00bb\u00bfPuede retirar el producto otra persona que no sea yo?\u00bb font_container=\u00bbtag:h3|font_size:14|text_align:left\u00bb use_theme_fonts=\u00bbyes\u00bb][vc_column_text text_larger=\u00bbno\u00bb]Si, la persona que venga debe ser mayor de 18 a\u00f1os y le solicitaremos su C\u00e9dula de Identidad.[\/vc_column_text][\/vc_column][vc_column width=\u00bb1\/2&#8243; css=\u00bb.vc_custom_1484657123074{padding-top: 0px !important;}\u00bb][vc_custom_heading text=\u00bb\u00bfC\u00f3mo puedo abonar en su local?\u00bb font_container=\u00bbtag:h3|font_size:14|text_align:left\u00bb use_theme_fonts=\u00bbyes\u00bb][vc_column_text text_larger=\u00bbno\u00bb]En nuestro local pod\u00e9s abonar con Tarjeta de d\u00e9bito, cr\u00e9dito y efectivo.[\/vc_column_text][vc_custom_heading text=\u00bb\u00bfCu\u00e1les son las formas de env\u00edo?\u00bb font_container=\u00bbtag:h3|font_size:14|text_align:left\u00bb use_theme_fonts=\u00bbyes\u00bb][vc_column_text text_larger=\u00bbno\u00bb]Se acuerdan en cada caso en particular.[\/vc_column_text][\/vc_column][\/vc_row][vc_row css=\u00bb.vc_custom_1493372598184{margin-bottom: 20px !important;}\u00bb][vc_column css=\u00bb.vc_custom_1484657273903{padding-top: 0px !important;}\u00bb]\n\t\t<div id=\"wd-5c1bab5eeccf2\" class=\"title-wrapper  woodmart-title-color-default woodmart-title-style-underlined woodmart-title-width-100 text-left woodmart-title-size-default vc_custom_1545317223691\">\n\t\t\t\n\t\t\t<div class=\"liner-continer\">\n\t\t\t\t<span class=\"left-line\"><\/span>\n\t\t\t\t<h4 class=\"woodmart-title-container title  woodmart-font-weight-\" >DEVOLUCIONES Y CAMBIOS<\/h4>\t\t\t\t\t\t\t\t<span class=\"right-line\"><\/span>\n\t\t\t<\/div>\n\t\t\t\n\t\t\t\n\t\t\t\t\t<\/div>\n\t\t\n\t\t[\/vc_column][\/vc_row][vc_row equal_height=\u00bbyes\u00bb css=\u00bb.vc_custom_1496940825311{margin-bottom: 0px !important;}\u00bb][vc_column width=\u00bb1\/2&#8243; css=\u00bb.vc_custom_1484657119633{padding-top: 0px !important;}\u00bb][vc_custom_heading text=\u00bbDevoluciones\u00bb font_container=\u00bbtag:h3|font_size:14|text_align:left\u00bb use_theme_fonts=\u00bbyes\u00bb][vc_column_text text_larger=\u00bbno\u00bb]En caso de falla, deber\u00e1s comunicarte con el servicio t\u00e9cnico correspondiente a la garant\u00eda oficial de tu producto. Dicha informaci\u00f3n la podr\u00e1s encontrar dentro del empaque del mismo.[\/vc_column_text][vc_custom_heading text=\u00bbCondiciones para devoluciones y cambios\u00bb font_container=\u00bbtag:h3|font_size:14|text_align:left\u00bb use_theme_fonts=\u00bbyes\u00bb][vc_column_text text_larger=\u00bbno\u00bb]<\/p>\n<ul>\n<li>La mercader\u00eda debe ser devuelta en perfectas condiciones, con sus accesorios, manuales y empaques originales.<\/li>\n<li>En todos los casos, se deber\u00e1 conservar la factura de compra y remito de entrega.<\/li>\n<li>No se aceptar\u00e1n reclamos por da\u00f1os est\u00e9ticos y\/o faltantes una vez firmado el remito correspondiente.<\/li>\n<\/ul>\n<p>[\/vc_column_text][\/vc_column][vc_column width=\u00bb1\/2&#8243; css=\u00bb.vc_custom_1484657123074{padding-top: 0px !important;}\u00bb][vc_custom_heading text=\u00bb\u00bfC\u00f3mo devolver o cambiar los productos?\u00bb font_container=\u00bbtag:h3|font_size:14|text_align:left\u00bb use_theme_fonts=\u00bbyes\u00bb][vc_column_text text_larger=\u00bbno\u00bb]Los cambios y\/o devoluciones deber\u00e1n notificarse a Hyundai Herramientas por correo electr\u00f3nico a <a href=\"mailto:service@gruporecord.com.uy\">service@gruporecord.com.uy<\/a><\/p>\n<ul>\n<li class=\"postventalineas\">Deber\u00e1 informarnos\n<ul>\n<li>Producto<\/li>\n<li>Falla<\/li>\n<li>N\u00b0 de factura<\/li>\n<li>N\u00b0 de serie<\/li>\n<li>Tel\u00e9fono de contacto por si es necesario<\/li>\n<li>Si el producto presenta alg\u00fan da\u00f1o adjuntar im\u00e1genes del producto y la caja<\/li>\n<li>Nota con acuse de recibo y\/o en forma personal, dentro de los plazos fijados para ello, siendo estos los \u00fanicos medios v\u00e1lidos para ejercer esta opci\u00f3n. .<\/li>\n<\/ul>\n<\/li>\n<\/ul>\n<p>En respuesta a tal solicitud, un vendedor se contactar\u00e1 con el cliente para brindar toda la informaci\u00f3n necesaria y la soluci\u00f3n m\u00e1s c\u00f3moda para su conformidad. El cambio de un producto podr\u00e1 realizarse dentro de los 3 d\u00edas de recibida la mercader\u00eda, por otro de igual precio y de mismas caracter\u00edsticas.[\/vc_column_text][\/vc_column][\/vc_row]<\/p>\n","protected":false},"excerpt":{"rendered":"<p>[vc_row full_width=\u00bbstretch_row\u00bb css=\u00bb.vc_custom_1544561687532{margin-top: -40px !important;margin-bottom: 8vh !important;padding-top: 27vh !important;padding-bottom: 22vh !important;background-image: url(https:\/\/hyundaiherramientas.com\/wp-content\/uploads\/2018\/12\/FAQs.jpg?id=2697) !important;background-position: center !important;background-repeat: no-repeat !important;background-size: cover !important;}\u00bb mobile_bg_img_hidden=\u00bbno\u00bb<\/p>\n","protected":false},"author":1,"featured_media":0,"parent":0,"menu_order":0,"comment_status":"closed","ping_status":"closed","template":"","meta":{"jetpack_post_was_ever_published":false,"footnotes":""},"class_list":["post-662","page","type-page","status-publish","hentry"],"yoast_head":"<!-- This site is optimized with the Yoast SEO plugin v21.5 - https:\/\/yoast.com\/wordpress\/plugins\/seo\/ -->\n<title>FAQs - Hyundai Herramientas<\/title>\n<meta name=\"robots\" content=\"index, follow, max-snippet:-1, max-image-preview:large, max-video-preview:-1\" \/>\n<link rel=\"canonical\" href=\"https:\/\/hyundaiherramientas.com\/proximamente\/faqs\/\" \/>\n<meta property=\"og:locale\" content=\"es_ES\" \/>\n<meta property=\"og:type\" content=\"article\" \/>\n<meta property=\"og:title\" content=\"FAQs - Hyundai Herramientas\" \/>\n<meta property=\"og:description\" content=\"[vc_row full_width=\u00bbstretch_row\u00bb css=\u00bb.vc_custom_1544561687532{margin-top: -40px !important;margin-bottom: 8vh !important;padding-top: 27vh !important;padding-bottom: 22vh !important;background-image: url(https:\/\/hyundaiherramientas.com\/wp-content\/uploads\/2018\/12\/FAQs.jpg?id=2697) !important;background-position: center !important;background-repeat: no-repeat !important;background-size: cover !important;}\u00bb mobile_bg_img_hidden=\u00bbno\u00bb\" \/>\n<meta property=\"og:url\" content=\"https:\/\/hyundaiherramientas.com\/proximamente\/faqs\/\" \/>\n<meta property=\"og:site_name\" content=\"Hyundai Herramientas\" \/>\n<meta property=\"article:publisher\" content=\"https:\/\/es-la.facebook.com\/hyundaiherramientasar\/\" \/>\n<meta property=\"article:modified_time\" content=\"2019-06-14T18:51:14+00:00\" \/>\n<meta name=\"twitter:card\" content=\"summary_large_image\" \/>\n<meta name=\"twitter:label1\" content=\"Tiempo de lectura\" \/>\n\t<meta name=\"twitter:data1\" content=\"7 minutos\" \/>\n<script type=\"application\/ld+json\" class=\"yoast-schema-graph\">{\"@context\":\"https:\/\/schema.org\",\"@graph\":[{\"@type\":\"WebPage\",\"@id\":\"https:\/\/hyundaiherramientas.com\/proximamente\/faqs\/\",\"url\":\"https:\/\/hyundaiherramientas.com\/proximamente\/faqs\/\",\"name\":\"FAQs - Hyundai Herramientas\",\"isPartOf\":{\"@id\":\"https:\/\/hyundaiherramientas.com\/proximamente\/#website\"},\"datePublished\":\"2017-06-27T10:05:37+00:00\",\"dateModified\":\"2019-06-14T18:51:14+00:00\",\"breadcrumb\":{\"@id\":\"https:\/\/hyundaiherramientas.com\/proximamente\/faqs\/#breadcrumb\"},\"inLanguage\":\"es\",\"potentialAction\":[{\"@type\":\"ReadAction\",\"target\":[\"https:\/\/hyundaiherramientas.com\/proximamente\/faqs\/\"]}]},{\"@type\":\"BreadcrumbList\",\"@id\":\"https:\/\/hyundaiherramientas.com\/proximamente\/faqs\/#breadcrumb\",\"itemListElement\":[{\"@type\":\"ListItem\",\"position\":1,\"name\":\"Portada\",\"item\":\"https:\/\/hyundaiherramientas.com\/proximamente\/\"},{\"@type\":\"ListItem\",\"position\":2,\"name\":\"FAQs\"}]},{\"@type\":\"WebSite\",\"@id\":\"https:\/\/hyundaiherramientas.com\/proximamente\/#website\",\"url\":\"https:\/\/hyundaiherramientas.com\/proximamente\/\",\"name\":\"Hyundai Herramientas\",\"description\":\"Herramientas\",\"publisher\":{\"@id\":\"https:\/\/hyundaiherramientas.com\/proximamente\/#organization\"},\"potentialAction\":[{\"@type\":\"SearchAction\",\"target\":{\"@type\":\"EntryPoint\",\"urlTemplate\":\"https:\/\/hyundaiherramientas.com\/proximamente\/?s={search_term_string}\"},\"query-input\":\"required name=search_term_string\"}],\"inLanguage\":\"es\"},{\"@type\":\"Organization\",\"@id\":\"https:\/\/hyundaiherramientas.com\/proximamente\/#organization\",\"name\":\"Hyundai Herramientas\",\"url\":\"https:\/\/hyundaiherramientas.com\/proximamente\/\",\"logo\":{\"@type\":\"ImageObject\",\"inLanguage\":\"es\",\"@id\":\"https:\/\/hyundaiherramientas.com\/proximamente\/#\/schema\/logo\/image\/\",\"url\":\"https:\/\/hyundaiherramientas.com\/wp-content\/uploads\/2019\/01\/NEW-BI_286C.jpg\",\"contentUrl\":\"https:\/\/hyundaiherramientas.com\/wp-content\/uploads\/2019\/01\/NEW-BI_286C.jpg\",\"width\":1232,\"height\":258,\"caption\":\"Hyundai Herramientas\"},\"image\":{\"@id\":\"https:\/\/hyundaiherramientas.com\/proximamente\/#\/schema\/logo\/image\/\"},\"sameAs\":[\"https:\/\/es-la.facebook.com\/hyundaiherramientasar\/\",\"https:\/\/www.youtube.com\/channel\/UCfmUqjzpzliEWlD2Es6xl5Q\"]}]}<\/script>\n<!-- \/ Yoast SEO plugin. -->","yoast_head_json":{"title":"FAQs - Hyundai Herramientas","robots":{"index":"index","follow":"follow","max-snippet":"max-snippet:-1","max-image-preview":"max-image-preview:large","max-video-preview":"max-video-preview:-1"},"canonical":"https:\/\/hyundaiherramientas.com\/proximamente\/faqs\/","og_locale":"es_ES","og_type":"article","og_title":"FAQs - Hyundai Herramientas","og_description":"[vc_row full_width=\u00bbstretch_row\u00bb css=\u00bb.vc_custom_1544561687532{margin-top: -40px !important;margin-bottom: 8vh !important;padding-top: 27vh !important;padding-bottom: 22vh !important;background-image: url(https:\/\/hyundaiherramientas.com\/wp-content\/uploads\/2018\/12\/FAQs.jpg?id=2697) !important;background-position: center !important;background-repeat: no-repeat !important;background-size: cover !important;}\u00bb mobile_bg_img_hidden=\u00bbno\u00bb","og_url":"https:\/\/hyundaiherramientas.com\/proximamente\/faqs\/","og_site_name":"Hyundai Herramientas","article_publisher":"https:\/\/es-la.facebook.com\/hyundaiherramientasar\/","article_modified_time":"2019-06-14T18:51:14+00:00","twitter_card":"summary_large_image","twitter_misc":{"Tiempo de lectura":"7 minutos"},"schema":{"@context":"https:\/\/schema.org","@graph":[{"@type":"WebPage","@id":"https:\/\/hyundaiherramientas.com\/proximamente\/faqs\/","url":"https:\/\/hyundaiherramientas.com\/proximamente\/faqs\/","name":"FAQs - Hyundai Herramientas","isPartOf":{"@id":"https:\/\/hyundaiherramientas.com\/proximamente\/#website"},"datePublished":"2017-06-27T10:05:37+00:00","dateModified":"2019-06-14T18:51:14+00:00","breadcrumb":{"@id":"https:\/\/hyundaiherramientas.com\/proximamente\/faqs\/#breadcrumb"},"inLanguage":"es","potentialAction":[{"@type":"ReadAction","target":["https:\/\/hyundaiherramientas.com\/proximamente\/faqs\/"]}]},{"@type":"BreadcrumbList","@id":"https:\/\/hyundaiherramientas.com\/proximamente\/faqs\/#breadcrumb","itemListElement":[{"@type":"ListItem","position":1,"name":"Portada","item":"https:\/\/hyundaiherramientas.com\/proximamente\/"},{"@type":"ListItem","position":2,"name":"FAQs"}]},{"@type":"WebSite","@id":"https:\/\/hyundaiherramientas.com\/proximamente\/#website","url":"https:\/\/hyundaiherramientas.com\/proximamente\/","name":"Hyundai Herramientas","description":"Herramientas","publisher":{"@id":"https:\/\/hyundaiherramientas.com\/proximamente\/#organization"},"potentialAction":[{"@type":"SearchAction","target":{"@type":"EntryPoint","urlTemplate":"https:\/\/hyundaiherramientas.com\/proximamente\/?s={search_term_string}"},"query-input":"required name=search_term_string"}],"inLanguage":"es"},{"@type":"Organization","@id":"https:\/\/hyundaiherramientas.com\/proximamente\/#organization","name":"Hyundai Herramientas","url":"https:\/\/hyundaiherramientas.com\/proximamente\/","logo":{"@type":"ImageObject","inLanguage":"es","@id":"https:\/\/hyundaiherramientas.com\/proximamente\/#\/schema\/logo\/image\/","url":"https:\/\/hyundaiherramientas.com\/wp-content\/uploads\/2019\/01\/NEW-BI_286C.jpg","contentUrl":"https:\/\/hyundaiherramientas.com\/wp-content\/uploads\/2019\/01\/NEW-BI_286C.jpg","width":1232,"height":258,"caption":"Hyundai Herramientas"},"image":{"@id":"https:\/\/hyundaiherramientas.com\/proximamente\/#\/schema\/logo\/image\/"},"sameAs":["https:\/\/es-la.facebook.com\/hyundaiherramientasar\/","https:\/\/www.youtube.com\/channel\/UCfmUqjzpzliEWlD2Es6xl5Q"]}]}},"jetpack_sharing_enabled":true,"jetpack_shortlink":"https:\/\/wp.me\/PavgAX-aG","_links":{"self":[{"href":"https:\/\/hyundaiherramientas.com\/proximamente\/wp-json\/wp\/v2\/pages\/662","targetHints":{"allow":["GET"]}}],"collection":[{"href":"https:\/\/hyundaiherramientas.com\/proximamente\/wp-json\/wp\/v2\/pages"}],"about":[{"href":"https:\/\/hyundaiherramientas.com\/proximamente\/wp-json\/wp\/v2\/types\/page"}],"author":[{"embeddable":true,"href":"https:\/\/hyundaiherramientas.com\/proximamente\/wp-json\/wp\/v2\/users\/1"}],"replies":[{"embeddable":true,"href":"https:\/\/hyundaiherramientas.com\/proximamente\/wp-json\/wp\/v2\/comments?post=662"}],"version-history":[{"count":30,"href":"https:\/\/hyundaiherramientas.com\/proximamente\/wp-json\/wp\/v2\/pages\/662\/revisions"}],"predecessor-version":[{"id":6166,"href":"https:\/\/hyundaiherramientas.com\/proximamente\/wp-json\/wp\/v2\/pages\/662\/revisions\/6166"}],"wp:attachment":[{"href":"https:\/\/hyundaiherramientas.com\/proximamente\/wp-json\/wp\/v2\/media?parent=662"}],"curies":[{"name":"wp","href":"https:\/\/api.w.org\/{rel}","templated":true}]}}